{"id":18,"date":"2016-03-10T14:50:16","date_gmt":"2016-03-10T12:50:16","guid":{"rendered":"http:\/\/www.fokkebrink.info\/FB\/?page_id=18"},"modified":"2016-07-25T10:31:36","modified_gmt":"2016-07-25T08:31:36","slug":"teachings","status":"publish","type":"page","link":"https:\/\/www.fokkebrink.info\/de\/teachings\/","title":{"rendered":"Kunst &#038; Unterricht"},"content":{"rendered":"<p>Ob du deinen pers\u00f6nlichen Stempel mit Fokke kreierst, ein Gruppen Retreat, oder einfach Ferien verbringst, wir werden f\u00fcr dich eine einzigartige Erfahrung kreieren. Bitte <a href=\"http:\/\/www.fokkebrink.info\/FB\/contact\/\">kontaktiere uns<\/a>\u00a0heute.<\/p>\n<p style=\"text-align: center;\"><a class=\"fasc-button fasc-size-large fasc-type-flat\" style=\"background-color: #666666; color: #ffffff;\" href=\"\/contact\/\" data-fasc-style=\"background-color:#666666;color:#ffffff;\">Kontaktiere uns!<\/a><\/p>\n<h2>Reiki und Therapien<\/h2>\n<p>Die Niki Tianika Mountain School for Life Philosophy und Reiki Kunst unterrichtet Reiki als einen Lebensweg. Nicht nur einfach Reiki praktizieren, Fokke Brink und Maria Kumb werden dir zeigen wie man Gl\u00fccklichsein durch Reiki Kunst erreichen kann.<\/p>\n<p>Begleitet durch zwei langj\u00e4hrige Reiki Meister, kannst du oder deine Gruppe Reiki Heilungsbehandlungen bekommen, begleitete Meditationen in den ruhigen GriechischenBergen erfahren, oder den 1. oder 2. Reiki Grad erlernen, und auch als Reiki Meister ausgebildet werden.<br \/>\n<div class=\"gca-column one-third first\"><h3>Lernen und Erfahrung:<\/h3>\n<ul>\n<li>Reiki Behandlungen<\/li>\n<li>Reiki Unterricht f\u00fcr den 1. und 2. Grad und Meister.<\/li>\n<li>Austausch<\/li>\n<li>Reiki Symbole Workshop<\/li>\n<li>Reiki Meditationen<\/li>\n<li>Psychotherapie<\/li>\n<li>Hypnose Therapie<\/li>\n<li>Reinkarnations Therapie<\/li>\n<li>Pers\u00f6nliches Training<\/li>\n<li>Counseling<\/li>\n<li>Systemische Familien- Aufstellung nach Bert Hellinger<\/li>\n<li>Masken Workshop<\/li>\n<\/ul><\/div>\n<div class=\"gca-column two-thirds\"><img loading=\"lazy\" decoding=\"async\" data-attachment-id=\"257\" data-permalink=\"https:\/\/www.fokkebrink.info\/de\/teachings\/reiki_hands-on\/\" data-orig-file=\"https:\/\/www.fokkebrink.info\/wp-content\/uploads\/2016\/03\/Reiki_hands-on-e1458041875384.jpg\" data-orig-size=\"800,512\" data-comments-opened=\"0\" data-image-meta=\"{&quot;aperture&quot;:&quot;0&quot;,&quot;credit&quot;:&quot;&quot;,&quot;camera&quot;:&quot;&quot;,&quot;caption&quot;:&quot;&quot;,&quot;created_timestamp&quot;:&quot;0&quot;,&quot;copyright&quot;:&quot;&quot;,&quot;focal_length&quot;:&quot;0&quot;,&quot;iso&quot;:&quot;0&quot;,&quot;shutter_speed&quot;:&quot;0&quot;,&quot;title&quot;:&quot;&quot;,&quot;orientation&quot;:&quot;0&quot;}\" data-image-title=\"Niki Tianika &amp;#8211; Reiki Hands On\" data-image-description=\"\" data-image-caption=\"\" data-medium-file=\"https:\/\/www.fokkebrink.info\/wp-content\/uploads\/2016\/03\/Reiki_hands-on-e1458041875384-300x192.jpg\" data-large-file=\"https:\/\/www.fokkebrink.info\/wp-content\/uploads\/2016\/03\/Reiki_hands-on-e1458041875384.jpg\" class=\"wp-image-257 size-full alignleft\" src=\"http:\/\/www.fokkebrink.info\/FB\/wp-content\/uploads\/2016\/03\/Reiki_hands-on-e1458041875384.jpg\" alt=\"Niki Tianika - Reiki Hands On\" width=\"800\" height=\"512\" srcset=\"https:\/\/www.fokkebrink.info\/wp-content\/uploads\/2016\/03\/Reiki_hands-on-e1458041875384.jpg 800w, https:\/\/www.fokkebrink.info\/wp-content\/uploads\/2016\/03\/Reiki_hands-on-e1458041875384-300x192.jpg 300w\" sizes=\"auto, (max-width: 800px) 100vw, 800px\" \/><div class=\"gca-utility vertical-spacer\"><\/div><div class=\"gca-utility vertical-spacer\"><\/div><\/div>\n<img loading=\"lazy\" decoding=\"async\" data-attachment-id=\"349\" data-permalink=\"https:\/\/www.fokkebrink.info\/de\/teachings\/reiki-on-patio\/\" data-orig-file=\"https:\/\/www.fokkebrink.info\/wp-content\/uploads\/2016\/03\/Reiki-on-patio.jpg\" data-orig-size=\"1200,550\" data-comments-opened=\"0\" data-image-meta=\"{&quot;aperture&quot;:&quot;0&quot;,&quot;credit&quot;:&quot;&quot;,&quot;camera&quot;:&quot;&quot;,&quot;caption&quot;:&quot;&quot;,&quot;created_timestamp&quot;:&quot;0&quot;,&quot;copyright&quot;:&quot;&quot;,&quot;focal_length&quot;:&quot;0&quot;,&quot;iso&quot;:&quot;0&quot;,&quot;shutter_speed&quot;:&quot;0&quot;,&quot;title&quot;:&quot;&quot;,&quot;orientation&quot;:&quot;0&quot;}\" data-image-title=\"Niki Tianika &amp;#8211; Reiki On Patio\" data-image-description=\"\" data-image-caption=\"\" data-medium-file=\"https:\/\/www.fokkebrink.info\/wp-content\/uploads\/2016\/03\/Reiki-on-patio-300x138.jpg\" data-large-file=\"https:\/\/www.fokkebrink.info\/wp-content\/uploads\/2016\/03\/Reiki-on-patio-1024x469.jpg\" class=\"alignnone size-full wp-image-349\" src=\"http:\/\/www.fokkebrink.info\/FB\/wp-content\/uploads\/2016\/03\/Reiki-on-patio.jpg\" alt=\"Niki Tianika - Reiki On Patio\" width=\"1200\" height=\"550\" srcset=\"https:\/\/www.fokkebrink.info\/wp-content\/uploads\/2016\/03\/Reiki-on-patio.jpg 1200w, https:\/\/www.fokkebrink.info\/wp-content\/uploads\/2016\/03\/Reiki-on-patio-300x138.jpg 300w, https:\/\/www.fokkebrink.info\/wp-content\/uploads\/2016\/03\/Reiki-on-patio-1024x469.jpg 1024w\" sizes=\"auto, (max-width: 1200px) 100vw, 1200px\" \/><\/p>\n<p style=\"text-align: center;\"><a class=\"fasc-button fasc-size-large fasc-type-flat\" style=\"background-color: #666666; color: #ffffff;\" href=\"\/contact\/\" data-fasc-style=\"background-color:#666666;color:#ffffff;\">Kontaktiere uns!<\/a><\/p>\n<hr \/>\n<h2>Japanische Kalligrafie und Stempelherstellung<\/h2>\n<p>In Japan besitzt jeder einen pers\u00f6nlichen Stempel. Dieser Stempel ist wichtiger als eine Unterschrift. Antike Kunstwerke und Dokumente sind oft mehr wert durch die Stempel der Besitzer als das Kunstwerk selbst. Aber ein Stempel ist mehr als nur ein Abdruck, es ist eine Verk\u00f6rperung deiner Selbst. Und f\u00fcr Reiki Meister ist der pers\u00f6nliche Stempel einerseits eine Entdeckung ihrer Selbst, und auch ein Abdruck und Anerkennung f\u00fcr ihre Sch\u00fcler auf der Urkunde.<\/p>\n<div class=\"gca-column one-half first\"><span class=\"embed-youtube\" style=\"text-align:center; display: block;\"><iframe loading=\"lazy\" class=\"youtube-player\" width=\"640\" height=\"360\" src=\"https:\/\/www.youtube.com\/embed\/-v7lKQOnYJ4?version=3&#038;rel=1&#038;showsearch=0&#038;showinfo=1&#038;iv_load_policy=1&#038;fs=1&#038;hl=de-DE&#038;autohide=2&#038;wmode=transparent\" allowfullscreen=\"true\" style=\"border:0;\" sandbox=\"allow-scripts allow-same-origin allow-popups allow-presentation allow-popups-to-escape-sandbox\"><\/iframe><\/span><\/div>\n<div class=\"gca-column one-half\">Um deinen pers\u00f6nlichen Stempel zu kreieren, wird Fokke \u00fcber dich meditieren. Nachdem ein Stempelstein f\u00fcr dich gefunden ist, der zu dir und deiner Energie passt, wird Fokke deine Symbole des Stempelabdruckes finden. Diese Symbole representieren dich und deinen Lebensweg. Fokke wird dann diesen Text auf den Stein mit tradinioneller Japanischer k\u00fcnstlerischer Art designen und gravieren.<\/p>\n<p>Als Meister in der Reiki Usui Disziplin, Fokke und Maria benutzen beide ihre bers\u00f6nlichen Stempel f\u00fcr die Zertifikate ihrer Sch\u00fcler.<\/p>\n<h3>Entdecke und kreiere:<\/h3>\n<ul>\n<li>Deinen pers\u00f6nlichen Stempel<\/li>\n<li>Japanisches Stempelschneiden<\/li>\n<li>Japanische Kalligrafie<\/li>\n<li>Masken herstellen<\/li>\n<\/ul><\/div>\n<div class=\"gca-utility vertical-spacer\"><\/div><img loading=\"lazy\" decoding=\"async\" data-attachment-id=\"302\" data-permalink=\"https:\/\/www.fokkebrink.info\/de\/teachings\/calligraphy-hands_wide\/\" data-orig-file=\"https:\/\/www.fokkebrink.info\/wp-content\/uploads\/2016\/03\/Calligraphy-hands_wide.jpg\" data-orig-size=\"800,350\" data-comments-opened=\"0\" data-image-meta=\"{&quot;aperture&quot;:&quot;0&quot;,&quot;credit&quot;:&quot;&quot;,&quot;camera&quot;:&quot;&quot;,&quot;caption&quot;:&quot;&quot;,&quot;created_timestamp&quot;:&quot;0&quot;,&quot;copyright&quot;:&quot;&quot;,&quot;focal_length&quot;:&quot;0&quot;,&quot;iso&quot;:&quot;0&quot;,&quot;shutter_speed&quot;:&quot;0&quot;,&quot;title&quot;:&quot;&quot;,&quot;orientation&quot;:&quot;0&quot;}\" data-image-title=\"Niki Tianika &amp;#8211; Japanese Calligraphy Training\" data-image-description=\"\" data-image-caption=\"\" data-medium-file=\"https:\/\/www.fokkebrink.info\/wp-content\/uploads\/2016\/03\/Calligraphy-hands_wide-300x131.jpg\" data-large-file=\"https:\/\/www.fokkebrink.info\/wp-content\/uploads\/2016\/03\/Calligraphy-hands_wide.jpg\" class=\"alignnone wp-image-302\" src=\"http:\/\/www.fokkebrink.info\/FB\/wp-content\/uploads\/2016\/03\/Calligraphy-hands_wide.jpg\" alt=\"Niki Tianika - Japanese Calligraphy Training\" width=\"1200\" height=\"525\" srcset=\"https:\/\/www.fokkebrink.info\/wp-content\/uploads\/2016\/03\/Calligraphy-hands_wide.jpg 800w, https:\/\/www.fokkebrink.info\/wp-content\/uploads\/2016\/03\/Calligraphy-hands_wide-300x131.jpg 300w\" sizes=\"auto, (max-width: 1200px) 100vw, 1200px\" \/><\/p>\n<div class=\"gca-utility columns-container\"><div class=\"gca-utility clearfix\"><\/div><div class=\"gca-column two-thirds first\"><img loading=\"lazy\" decoding=\"async\" data-attachment-id=\"227\" data-permalink=\"https:\/\/www.fokkebrink.info\/de\/2016\/03\/thanks-new-website\/37421_142262089120973_617722_n\/\" data-orig-file=\"https:\/\/www.fokkebrink.info\/wp-content\/uploads\/2016\/03\/37421_142262089120973_617722_n.jpg\" data-orig-size=\"720,540\" data-comments-opened=\"0\" data-image-meta=\"{&quot;aperture&quot;:&quot;0&quot;,&quot;credit&quot;:&quot;&quot;,&quot;camera&quot;:&quot;&quot;,&quot;caption&quot;:&quot;&quot;,&quot;created_timestamp&quot;:&quot;0&quot;,&quot;copyright&quot;:&quot;&quot;,&quot;focal_length&quot;:&quot;0&quot;,&quot;iso&quot;:&quot;0&quot;,&quot;shutter_speed&quot;:&quot;0&quot;,&quot;title&quot;:&quot;&quot;,&quot;orientation&quot;:&quot;0&quot;}\" data-image-title=\"Niki Tianika &amp;#8211; Fokke Brink Japanese Calligraphy\" data-image-description=\"\" data-image-caption=\"\" data-medium-file=\"https:\/\/www.fokkebrink.info\/wp-content\/uploads\/2016\/03\/37421_142262089120973_617722_n-300x225.jpg\" data-large-file=\"https:\/\/www.fokkebrink.info\/wp-content\/uploads\/2016\/03\/37421_142262089120973_617722_n.jpg\" class=\"alignnone wp-image-227\" src=\"http:\/\/www.fokkebrink.info\/FB\/wp-content\/uploads\/2016\/03\/37421_142262089120973_617722_n.jpg\" alt=\"Niki Tianika - Fokke Brink Japanese Calligraphy\" width=\"760\" height=\"570\" srcset=\"https:\/\/www.fokkebrink.info\/wp-content\/uploads\/2016\/03\/37421_142262089120973_617722_n.jpg 720w, https:\/\/www.fokkebrink.info\/wp-content\/uploads\/2016\/03\/37421_142262089120973_617722_n-300x225.jpg 300w\" sizes=\"auto, (max-width: 760px) 100vw, 760px\" \/><\/div>\n<div class=\"gca-column one-third\"><img loading=\"lazy\" decoding=\"async\" data-attachment-id=\"321\" data-permalink=\"https:\/\/www.fokkebrink.info\/de\/teachings\/calligraphy-balance_tall\/\" data-orig-file=\"https:\/\/www.fokkebrink.info\/wp-content\/uploads\/2016\/03\/calligraphy-balance_tall.jpg\" data-orig-size=\"400,600\" data-comments-opened=\"0\" data-image-meta=\"{&quot;aperture&quot;:&quot;0&quot;,&quot;credit&quot;:&quot;&quot;,&quot;camera&quot;:&quot;&quot;,&quot;caption&quot;:&quot;&quot;,&quot;created_timestamp&quot;:&quot;0&quot;,&quot;copyright&quot;:&quot;&quot;,&quot;focal_length&quot;:&quot;0&quot;,&quot;iso&quot;:&quot;0&quot;,&quot;shutter_speed&quot;:&quot;0&quot;,&quot;title&quot;:&quot;&quot;,&quot;orientation&quot;:&quot;0&quot;}\" data-image-title=\"Niki Tianika &amp;#8211; Japanese Calligraphy Balance Training\" data-image-description=\"\" data-image-caption=\"\" data-medium-file=\"https:\/\/www.fokkebrink.info\/wp-content\/uploads\/2016\/03\/calligraphy-balance_tall-200x300.jpg\" data-large-file=\"https:\/\/www.fokkebrink.info\/wp-content\/uploads\/2016\/03\/calligraphy-balance_tall.jpg\" class=\"alignnone wp-image-321\" src=\"http:\/\/www.fokkebrink.info\/FB\/wp-content\/uploads\/2016\/03\/calligraphy-balance_tall.jpg\" alt=\"Niki Tianika - Japanese Calligraphy Balance Training\" width=\"380\" height=\"570\" srcset=\"https:\/\/www.fokkebrink.info\/wp-content\/uploads\/2016\/03\/calligraphy-balance_tall.jpg 400w, https:\/\/www.fokkebrink.info\/wp-content\/uploads\/2016\/03\/calligraphy-balance_tall-200x300.jpg 200w\" sizes=\"auto, (max-width: 380px) 100vw, 380px\" \/><\/div><\/div>\n<div style=\"text-align: center;\"><a class=\"fasc-button fasc-size-large fasc-type-flat\" style=\"background-color: #666666; color: #ffffff;\" href=\"\/contact\/\" data-fasc-style=\"background-color:#666666;color:#ffffff;\">Kontaktiere uns!<\/a><\/div>\n<hr \/>\n<h2>Attraktivit\u00e4ten f\u00fcr Sch\u00fcler und Besucher<\/h2>\n<p>Wenn du Niki Tianika besuchst, wirst du Erholung und Ruhe erfahren wie nirgendwo auf der Welt.<\/p>\n<p>Es erwartet dich ein komfortables G\u00e4stezimmer mit eigener Dusche und Toilette, plus einer warmen famili\u00e4ren Atmosphere. Im Angebot ist immer gesundes Essen, nat\u00fcrlich und k\u00f6stlich und deinen Bed\u00fcrfnissen angepasst.<\/p>\n<p>Wir bieten begleitete Wanderungen an, es gibt antike Ruinen, eine Byzantinische Insel Festung, Kraftorte, und ein F\u00fcllhorn voll Flora und Fauna zu sehen.<\/p>\n<div class=\"gca-column one-third first\"><p>In Erg\u00e4nzung zur nat\u00fcrlichen Sch\u00f6nheit, k\u00f6nnen wir unterst\u00fctzend folgende Aktivit\u00e4ten arrangieren:<\/p>\n<ul>\n<li>Schwimmen und Schnorcheln<\/li>\n<li>Berg Wanderungen<\/li>\n<li>R\u00fcckzug und Erholung in der Natur<\/li>\n<li>Sch\u00f6ne Ferien<\/li>\n<\/ul>\n<p>Professionelle Massagen von Emmanouela Mastori:<\/p>\n<ul>\n<li>Ayurvedic<\/li>\n<li>Kahuna K\u00f6rperarbeit ( Lumi-Lumi Hawaii)<\/li>\n<li>Klangschalen<\/li>\n<li>Meditative Massagen<\/li>\n<li>Fussreflexzonen massagen<\/li>\n<\/ul><\/div>\n<div class=\"gca-column two-thirds\"><img loading=\"lazy\" decoding=\"async\" data-attachment-id=\"351\" data-permalink=\"https:\/\/www.fokkebrink.info\/de\/teachings\/spitaki-2\/\" data-orig-file=\"https:\/\/www.fokkebrink.info\/wp-content\/uploads\/2016\/03\/Spitaki-2.jpg\" data-orig-size=\"640,480\" data-comments-opened=\"0\" data-image-meta=\"{&quot;aperture&quot;:&quot;0&quot;,&quot;credit&quot;:&quot;&quot;,&quot;camera&quot;:&quot;&quot;,&quot;caption&quot;:&quot;&quot;,&quot;created_timestamp&quot;:&quot;0&quot;,&quot;copyright&quot;:&quot;&quot;,&quot;focal_length&quot;:&quot;0&quot;,&quot;iso&quot;:&quot;0&quot;,&quot;shutter_speed&quot;:&quot;0&quot;,&quot;title&quot;:&quot;&quot;,&quot;orientation&quot;:&quot;0&quot;}\" data-image-title=\"Niki Tianika &amp;#8211; Spitaki\" data-image-description=\"\" data-image-caption=\"\" data-medium-file=\"https:\/\/www.fokkebrink.info\/wp-content\/uploads\/2016\/03\/Spitaki-2-300x225.jpg\" data-large-file=\"https:\/\/www.fokkebrink.info\/wp-content\/uploads\/2016\/03\/Spitaki-2.jpg\" class=\"alignnone wp-image-351\" src=\"http:\/\/www.fokkebrink.info\/FB\/wp-content\/uploads\/2016\/03\/Spitaki-2.jpg\" alt=\"Niki Tianika - Spitaki\" width=\"790\" height=\"593\" srcset=\"https:\/\/www.fokkebrink.info\/wp-content\/uploads\/2016\/03\/Spitaki-2.jpg 640w, https:\/\/www.fokkebrink.info\/wp-content\/uploads\/2016\/03\/Spitaki-2-300x225.jpg 300w\" sizes=\"auto, (max-width: 790px) 100vw, 790px\" \/><\/div><div class=\"gca-utility vertical-spacer\"><\/div>\n<div class=\"gca-utility columns-container\"><div class=\"gca-utility clearfix\"><\/div><div class=\"gca-column two-thirds first\"><img loading=\"lazy\" decoding=\"async\" data-attachment-id=\"354\" data-permalink=\"https:\/\/www.fokkebrink.info\/de\/teachings\/mask-fok-107_web\/\" data-orig-file=\"https:\/\/www.fokkebrink.info\/wp-content\/uploads\/2016\/03\/Mask-Fok-107_web.jpg\" data-orig-size=\"633,475\" data-comments-opened=\"0\" data-image-meta=\"{&quot;aperture&quot;:&quot;0&quot;,&quot;credit&quot;:&quot;&quot;,&quot;camera&quot;:&quot;&quot;,&quot;caption&quot;:&quot;&quot;,&quot;created_timestamp&quot;:&quot;0&quot;,&quot;copyright&quot;:&quot;&quot;,&quot;focal_length&quot;:&quot;0&quot;,&quot;iso&quot;:&quot;0&quot;,&quot;shutter_speed&quot;:&quot;0&quot;,&quot;title&quot;:&quot;&quot;,&quot;orientation&quot;:&quot;0&quot;}\" data-image-title=\"Niki Tianika &amp;#8211; Mask Making\" data-image-description=\"\" data-image-caption=\"\" data-medium-file=\"https:\/\/www.fokkebrink.info\/wp-content\/uploads\/2016\/03\/Mask-Fok-107_web-300x225.jpg\" data-large-file=\"https:\/\/www.fokkebrink.info\/wp-content\/uploads\/2016\/03\/Mask-Fok-107_web.jpg\" class=\"alignnone wp-image-354\" src=\"http:\/\/www.fokkebrink.info\/FB\/wp-content\/uploads\/2016\/03\/Mask-Fok-107_web.jpg\" alt=\"Niki Tianika - Mask Making\" width=\"760\" height=\"570\" srcset=\"https:\/\/www.fokkebrink.info\/wp-content\/uploads\/2016\/03\/Mask-Fok-107_web.jpg 633w, https:\/\/www.fokkebrink.info\/wp-content\/uploads\/2016\/03\/Mask-Fok-107_web-300x225.jpg 300w\" sizes=\"auto, (max-width: 760px) 100vw, 760px\" \/><\/div>\n<div class=\"gca-column one-third\"><img loading=\"lazy\" decoding=\"async\" data-attachment-id=\"360\" data-permalink=\"https:\/\/www.fokkebrink.info\/de\/teachings\/reiki-group-heal\/\" data-orig-file=\"https:\/\/www.fokkebrink.info\/wp-content\/uploads\/2016\/03\/Reiki-Group-Heal.jpg\" data-orig-size=\"400,600\" data-comments-opened=\"0\" data-image-meta=\"{&quot;aperture&quot;:&quot;0&quot;,&quot;credit&quot;:&quot;&quot;,&quot;camera&quot;:&quot;&quot;,&quot;caption&quot;:&quot;&quot;,&quot;created_timestamp&quot;:&quot;0&quot;,&quot;copyright&quot;:&quot;&quot;,&quot;focal_length&quot;:&quot;0&quot;,&quot;iso&quot;:&quot;0&quot;,&quot;shutter_speed&quot;:&quot;0&quot;,&quot;title&quot;:&quot;&quot;,&quot;orientation&quot;:&quot;0&quot;}\" data-image-title=\"Niki Tianika &amp;#8211; Group Reiki Healing\" data-image-description=\"\" data-image-caption=\"\" data-medium-file=\"https:\/\/www.fokkebrink.info\/wp-content\/uploads\/2016\/03\/Reiki-Group-Heal-200x300.jpg\" data-large-file=\"https:\/\/www.fokkebrink.info\/wp-content\/uploads\/2016\/03\/Reiki-Group-Heal.jpg\" class=\"alignnone wp-image-360\" src=\"http:\/\/www.fokkebrink.info\/FB\/wp-content\/uploads\/2016\/03\/Reiki-Group-Heal.jpg\" alt=\"Niki Tianika - Group Reiki Healing\" width=\"380\" height=\"570\" srcset=\"https:\/\/www.fokkebrink.info\/wp-content\/uploads\/2016\/03\/Reiki-Group-Heal.jpg 400w, https:\/\/www.fokkebrink.info\/wp-content\/uploads\/2016\/03\/Reiki-Group-Heal-200x300.jpg 200w\" sizes=\"auto, (max-width: 380px) 100vw, 380px\" \/><\/div><\/div>\n<p style=\"text-align: center;\"><a class=\"fasc-button fasc-size-large fasc-type-flat\" style=\"background-color: #666666; color: #ffffff;\" href=\"\/contact\" data-fasc-style=\"background-color:#666666;color:#ffffff;\">Kontaktiere uns!<\/a><\/p>\n","protected":false},"excerpt":{"rendered":"<p>Reiki, Stempelherstellung, Japanische Kaligrafie&#8230;<\/p>\n","protected":false},"author":1,"featured_media":0,"parent":0,"menu_order":0,"comment_status":"closed","ping_status":"closed","template":"","meta":{"_genesis_hide_title":false,"_genesis_hide_breadcrumbs":false,"_genesis_hide_singular_image":false,"_genesis_hide_footer_widgets":false,"_genesis_custom_body_class":"","_genesis_custom_post_class":"","_genesis_layout":"","footnotes":""},"class_list":["post-18","page","type-page","status-publish","entry","has-post-thumbnail"],"translation":{"provider":"WPGlobus","version":"3.0.2","language":"de","enabled_languages":["en","nl","de","ru"],"languages":{"en":{"title":true,"content":true,"excerpt":true},"nl":{"title":true,"content":true,"excerpt":true},"de":{"title":true,"content":true,"excerpt":true},"ru":{"title":true,"content":true,"excerpt":false}}},"yoast_head":"<!-- This site is optimized with the Yoast SEO plugin v26.9 - https:\/\/yoast.com\/product\/yoast-seo-wordpress\/ -->\r\n<title>Kunst &amp; Unterricht | Niki Tianika<\/title>\r\n<meta name=\"robots\" content=\"index, follow, max-snippet:-1, max-image-preview:large, max-video-preview:-1\" \/>\r\n<link rel=\"canonical\" href=\"https:\/\/www.fokkebrink.info\/teachings\/\" \/>\r\n<meta property=\"og:locale\" content=\"de_DE\" \/>\r\n<meta property=\"og:type\" content=\"article\" \/>\r\n<meta property=\"og:title\" content=\"Kunst &amp; Unterricht | Niki Tianika\" \/>\r\n<meta property=\"og:url\" content=\"https:\/\/www.fokkebrink.info\/teachings\/\" \/>\r\n<meta property=\"og:site_name\" content=\"Niki Tianika\" \/>\r\n<meta property=\"article:modified_time\" content=\"2016-07-25T08:31:36+00:00\" \/>\r\n<meta property=\"og:image\" content=\"http:\/\/www.fokkebrink.info\/FB\/wp-content\/uploads\/2016\/03\/Reiki_hands-on-e1458041875384.jpg\" \/>\r\n<meta name=\"twitter:card\" content=\"summary_large_image\" \/>\r\n<meta name=\"twitter:label1\" content=\"Est. reading time\" \/>\n\t<meta name=\"twitter:data1\" content=\"8 minutes\" \/>\r\n<script type=\"application\/ld+json\" class=\"yoast-schema-graph\">{\"@context\":\"https:\/\/schema.org\",\"@graph\":[{\"@type\":\"WebPage\",\"@id\":\"https:\/\/www.fokkebrink.info\/teachings\/\",\"url\":\"https:\/\/www.fokkebrink.info\/teachings\/\",\"name\":\"Kunst & Unterricht | Niki Tianika\",\"isPartOf\":{\"@id\":\"https:\/\/www.fokkebrink.info\/#website\"},\"primaryImageOfPage\":{\"@id\":\"https:\/\/www.fokkebrink.info\/teachings\/#primaryimage\"},\"image\":{\"@id\":\"https:\/\/www.fokkebrink.info\/teachings\/#primaryimage\"},\"thumbnailUrl\":\"http:\/\/www.fokkebrink.info\/FB\/wp-content\/uploads\/2016\/03\/Reiki_hands-on-e1458041875384.jpg\",\"datePublished\":\"2016-03-10T12:50:16+00:00\",\"dateModified\":\"2016-07-25T08:31:36+00:00\",\"breadcrumb\":{\"@id\":\"https:\/\/www.fokkebrink.info\/teachings\/#breadcrumb\"},\"inLanguage\":\"de-DE\",\"potentialAction\":[{\"@type\":\"ReadAction\",\"target\":[\"https:\/\/www.fokkebrink.info\/teachings\/\"]}]},{\"@type\":\"ImageObject\",\"inLanguage\":\"de-DE\",\"@id\":\"https:\/\/www.fokkebrink.info\/teachings\/#primaryimage\",\"url\":\"http:\/\/www.fokkebrink.info\/FB\/wp-content\/uploads\/2016\/03\/Reiki_hands-on-e1458041875384.jpg\",\"contentUrl\":\"http:\/\/www.fokkebrink.info\/FB\/wp-content\/uploads\/2016\/03\/Reiki_hands-on-e1458041875384.jpg\"},{\"@type\":\"BreadcrumbList\",\"@id\":\"https:\/\/www.fokkebrink.info\/teachings\/#breadcrumb\",\"itemListElement\":[{\"@type\":\"ListItem\",\"position\":1,\"name\":\"Home\",\"item\":\"https:\/\/www.fokkebrink.info\/\"},{\"@type\":\"ListItem\",\"position\":2,\"name\":\"Art &#038; Teachings\"}]},{\"@type\":\"WebSite\",\"@id\":\"https:\/\/www.fokkebrink.info\/#website\",\"url\":\"https:\/\/www.fokkebrink.info\/\",\"name\":\"Niki Tianika\",\"description\":\"Mountain school for Life-Philosophy and Reiki-Art\",\"potentialAction\":[{\"@type\":\"SearchAction\",\"target\":{\"@type\":\"EntryPoint\",\"urlTemplate\":\"https:\/\/www.fokkebrink.info\/?s={search_term_string}\"},\"query-input\":{\"@type\":\"PropertyValueSpecification\",\"valueRequired\":true,\"valueName\":\"search_term_string\"}}],\"inLanguage\":\"de-DE\"}]}<\/script>\r\n<!-- \/ Yoast SEO plugin. -->","yoast_head_json":{"title":"Kunst & Unterricht | Niki Tianika","robots":{"index":"index","follow":"follow","max-snippet":"max-snippet:-1","max-image-preview":"max-image-preview:large","max-video-preview":"max-video-preview:-1"},"canonical":"https:\/\/www.fokkebrink.info\/teachings\/","og_locale":"de_DE","og_type":"article","og_title":"Kunst & Unterricht | Niki Tianika","og_url":"https:\/\/www.fokkebrink.info\/teachings\/","og_site_name":"Niki Tianika","article_modified_time":"2016-07-25T08:31:36+00:00","og_image":[{"url":"http:\/\/www.fokkebrink.info\/FB\/wp-content\/uploads\/2016\/03\/Reiki_hands-on-e1458041875384.jpg","type":"","width":"","height":""}],"twitter_card":"summary_large_image","twitter_misc":{"Est. reading time":"8 minutes"},"schema":{"@context":"https:\/\/schema.org","@graph":[{"@type":"WebPage","@id":"https:\/\/www.fokkebrink.info\/teachings\/","url":"https:\/\/www.fokkebrink.info\/teachings\/","name":"Kunst & Unterricht | Niki Tianika","isPartOf":{"@id":"https:\/\/www.fokkebrink.info\/#website"},"primaryImageOfPage":{"@id":"https:\/\/www.fokkebrink.info\/teachings\/#primaryimage"},"image":{"@id":"https:\/\/www.fokkebrink.info\/teachings\/#primaryimage"},"thumbnailUrl":"http:\/\/www.fokkebrink.info\/FB\/wp-content\/uploads\/2016\/03\/Reiki_hands-on-e1458041875384.jpg","datePublished":"2016-03-10T12:50:16+00:00","dateModified":"2016-07-25T08:31:36+00:00","breadcrumb":{"@id":"https:\/\/www.fokkebrink.info\/teachings\/#breadcrumb"},"inLanguage":"de-DE","potentialAction":[{"@type":"ReadAction","target":["https:\/\/www.fokkebrink.info\/teachings\/"]}]},{"@type":"ImageObject","inLanguage":"de-DE","@id":"https:\/\/www.fokkebrink.info\/teachings\/#primaryimage","url":"http:\/\/www.fokkebrink.info\/FB\/wp-content\/uploads\/2016\/03\/Reiki_hands-on-e1458041875384.jpg","contentUrl":"http:\/\/www.fokkebrink.info\/FB\/wp-content\/uploads\/2016\/03\/Reiki_hands-on-e1458041875384.jpg"},{"@type":"BreadcrumbList","@id":"https:\/\/www.fokkebrink.info\/teachings\/#breadcrumb","itemListElement":[{"@type":"ListItem","position":1,"name":"Home","item":"https:\/\/www.fokkebrink.info\/"},{"@type":"ListItem","position":2,"name":"Art &#038; Teachings"}]},{"@type":"WebSite","@id":"https:\/\/www.fokkebrink.info\/#website","url":"https:\/\/www.fokkebrink.info\/","name":"Niki Tianika","description":"Mountain school for Life-Philosophy and Reiki-Art","potentialAction":[{"@type":"SearchAction","target":{"@type":"EntryPoint","urlTemplate":"https:\/\/www.fokkebrink.info\/?s={search_term_string}"},"query-input":{"@type":"PropertyValueSpecification","valueRequired":true,"valueName":"search_term_string"}}],"inLanguage":"de-DE"}]}},"jetpack_sharing_enabled":true,"_links":{"self":[{"href":"https:\/\/www.fokkebrink.info\/de\/wp-json\/wp\/v2\/pages\/18","targetHints":{"allow":["GET"]}}],"collection":[{"href":"https:\/\/www.fokkebrink.info\/de\/wp-json\/wp\/v2\/pages"}],"about":[{"href":"https:\/\/www.fokkebrink.info\/de\/wp-json\/wp\/v2\/types\/page"}],"author":[{"embeddable":true,"href":"https:\/\/www.fokkebrink.info\/de\/wp-json\/wp\/v2\/users\/1"}],"replies":[{"embeddable":true,"href":"https:\/\/www.fokkebrink.info\/de\/wp-json\/wp\/v2\/comments?post=18"}],"version-history":[{"count":115,"href":"https:\/\/www.fokkebrink.info\/de\/wp-json\/wp\/v2\/pages\/18\/revisions"}],"predecessor-version":[{"id":442,"href":"https:\/\/www.fokkebrink.info\/de\/wp-json\/wp\/v2\/pages\/18\/revisions\/442"}],"wp:attachment":[{"href":"https:\/\/www.fokkebrink.info\/de\/wp-json\/wp\/v2\/media?parent=18"}],"curies":[{"name":"wp","href":"https:\/\/api.w.org\/{rel}","templated":true}]}}